{"id":674,"date":"2017-08-30T12:33:49","date_gmt":"2017-08-30T10:33:49","guid":{"rendered":"https:\/\/www.salumimurru.com\/sardegna\/"},"modified":"2024-06-19T18:28:11","modified_gmt":"2024-06-19T16:28:11","slug":"sardinien","status":"publish","type":"page","link":"https:\/\/www.salumimurru.com\/de\/sardinien\/","title":{"rendered":"Sardinien"},"content":{"rendered":"<p><div class=\"fusion-fullwidth fullwidth-box fusion-builder-row-1 fusion-parallax-none nonhundred-percent-fullwidth non-hundred-percent-height-scrolling\" style=\"--awb-border-radius-top-left:0px;--awb-border-radius-top-right:0px;--awb-border-radius-bottom-right:0px;--awb-border-radius-bottom-left:0px;--awb-padding-top:6%;--awb-padding-bottom:6%;--awb-background-image:url(&quot;https:\/\/www.salumimurru.com\/wp-content\/uploads\/2017\/01\/Lago-di-Gusana-Gavoi.jpg&quot;);--awb-background-size:cover;--awb-flex-wrap:wrap;\" ><div class=\"fusion-builder-row fusion-row\"><div class=\"fusion-layout-column fusion_builder_column fusion-builder-column-0 fusion_builder_column_1_1 1_1 fusion-one-full fusion-column-first fusion-column-last\" style=\"--awb-bg-size:cover;\"><div class=\"fusion-column-wrapper fusion-flex-column-wrapper-legacy\"><div class=\"fusion-text fusion-text-1\"><h1 class=\"tit_home bianco\">Sardinien<\/h1>\n<\/div><div class=\"fusion-clearfix\"><\/div><\/div><\/div><\/div><\/div><div class=\"fusion-fullwidth fullwidth-box fusion-builder-row-2 hundred-percent-fullwidth non-hundred-percent-height-scrolling\" style=\"--awb-border-radius-top-left:0px;--awb-border-radius-top-right:0px;--awb-border-radius-bottom-right:0px;--awb-border-radius-bottom-left:0px;--awb-padding-top:0px;--awb-padding-right:0px;--awb-padding-bottom:0px;--awb-padding-left:0px;--awb-margin-top:70px;--awb-flex-wrap:wrap;\" ><div class=\"fusion-builder-row fusion-row\"><div class=\"fusion-layout-column fusion_builder_column fusion-builder-column-1 fusion_builder_column_1_1 1_1 fusion-one-full fusion-column-first fusion-column-last\" style=\"--awb-bg-size:cover;--awb-margin-bottom:60px;\"><div class=\"fusion-column-wrapper fusion-flex-column-wrapper-legacy\"><div class=\"fusion-text fusion-text-2\"><p class=\"intro_home\">Bereits seit der Antike verf\u00fcgt die sonnenverw\u00f6hnte<br \/>\nund farbenfrohe Insel Sardinien \u00fcber eine tief verwurzelte<br \/>\nKultur des Hirtentums und der Viehzucht. Die unber\u00fchrte Natur,<br \/>\ndie geographische Isolation und die gro\u00dfe Leidenschaft f\u00fcr die Fr\u00fcchte<br \/>\ndes Landes haben zum Entstehen einzigartiger Traditionen gef\u00fchrt.<\/p>\n<\/div><div class=\"fusion-clearfix\"><\/div><\/div><\/div><div class=\"fusion-layout-column fusion_builder_column fusion-builder-column-2 fusion_builder_column_1_2 1_2 fusion-one-half fusion-column-first paddi_des\" style=\"--awb-bg-size:cover;--awb-margin-bottom:0px;width:50%;width:calc(50% - ( ( 0% ) * 0.5 ) );margin-right: 0%;\"><div class=\"fusion-column-wrapper fusion-flex-column-wrapper-legacy\"><div class=\"fusion-text fusion-text-3\"><h2 class=\"tit_block rosso\">A KENT&#8217;ANNOSO IN SALUDE!<br \/>\nEIN LANGES LEBEN IN GESUNDHEIT!<\/h2>\n<\/div><div class=\"fusion-sep-clear\"><\/div><div class=\"fusion-separator fusion-full-width-sep sep_verde\" style=\"margin-left: auto;margin-right: auto;width:100%;\"><\/div><div class=\"fusion-sep-clear\"><\/div><div class=\"fusion-text fusion-text-4\"><p class=\"testo_block\">Sardinien ist nicht blo\u00df ein Gl\u00fcckwunsch sondern Wahrheit! Hier lebt man l\u00e4nger, weil man besser isst! Das best\u00e4tigen unz\u00e4hlige Studien, die in namhaften Fachzeitschriften ver\u00f6ffentlicht wurden (National Geographic, Experimental Gerontology, Nature Genetics, um nur einige aufzuz\u00e4hlen), die sich nicht nur damit besch\u00e4ftigen, das genetische Profil unserer Inselbewohner zu entziffern (die zu den langlebigsten der Welt geh\u00f6ren), sondern auch unsere Essgewohnheiten und unseren Lebensstil. Ein gesunder Lebensstil, der auf bescheidenen Gerichten aus einheimischen Lebensmitteln basiert, wozu auch der Verzehr von Fleisch und Wurstwaren z\u00e4hlt, wenn auch nur bei Festen, zubereitet nach den traditionellen Rezepten.<\/p>\n<\/div><div class=\"fusion-clearfix\"><\/div><\/div><\/div><div class=\"fusion-layout-column fusion_builder_column fusion-builder-column-3 fusion_builder_column_1_2 1_2 fusion-one-half fusion-column-last\" style=\"--awb-bg-image:url(&#039;https:\/\/www.salumimurru.com\/wp-content\/uploads\/2017\/01\/Panorama-del-monte-Senes-nei-pressi-dellarea-archeologica.jpg&#039;);--awb-bg-size:cover;--awb-margin-bottom:0px;width:50%;width:calc(50% - ( ( 0% ) * 0.5 ) );\"><div class=\"fusion-column-wrapper fusion-flex-column-wrapper-legacy fusion-empty-column-bg-image fusion-column-has-bg-image\" data-bg-url=\"https:\/\/www.salumimurru.com\/wp-content\/uploads\/2017\/01\/Panorama-del-monte-Senes-nei-pressi-dellarea-archeologica.jpg\"><img decoding=\"async\" class=\"fusion-empty-dims-img-placeholder\" aria-label=\"Panorama-del-monte-Senes-nei-pressi-dellarea-archeologica\" src=\"data:image\/svg+xml,%3Csvg%20xmlns%3D%27http%3A%2F%2Fwww.w3.org%2F2000%2Fsvg%27%20width%3D%271950%27%20height%3D%271463%27%20viewBox%3D%270%200%201950%201463%27%3E%3Crect%20width%3D%271950%27%20height%3D%271463%27%20fill-opacity%3D%220%22%2F%3E%3C%2Fsvg%3E\"><div class=\"fusion-clearfix\"><\/div><\/div><\/div><\/div><\/div><div class=\"fusion-fullwidth fullwidth-box fusion-builder-row-3 hundred-percent-fullwidth non-hundred-percent-height-scrolling\" style=\"--awb-border-radius-top-left:0px;--awb-border-radius-top-right:0px;--awb-border-radius-bottom-right:0px;--awb-border-radius-bottom-left:0px;--awb-padding-top:0px;--awb-padding-right:0px;--awb-padding-bottom:0px;--awb-padding-left:0px;--awb-margin-bottom:80px;--awb-background-color:#f7f7f7;--awb-flex-wrap:wrap;\" ><div class=\"fusion-builder-row fusion-row\"><div class=\"fusion-layout-column fusion_builder_column fusion-builder-column-4 fusion_builder_column_1_2 1_2 fusion-one-half fusion-column-first\" style=\"--awb-bg-image:url(&#039;https:\/\/www.salumimurru.com\/wp-content\/uploads\/2017\/01\/foto29.jpg&#039;);--awb-bg-size:cover;--awb-margin-bottom:0px;width:50%;width:calc(50% - ( ( 0% ) * 0.5 ) );margin-right: 0%;\"><div class=\"fusion-column-wrapper fusion-flex-column-wrapper-legacy fusion-empty-column-bg-image fusion-column-has-bg-image\" data-bg-url=\"https:\/\/www.salumimurru.com\/wp-content\/uploads\/2017\/01\/foto29.jpg\"><img decoding=\"async\" class=\"fusion-empty-dims-img-placeholder\" aria-label=\"foto29\" src=\"data:image\/svg+xml,%3Csvg%20xmlns%3D%27http%3A%2F%2Fwww.w3.org%2F2000%2Fsvg%27%20width%3D%271500%27%20height%3D%27997%27%20viewBox%3D%270%200%201500%20997%27%3E%3Crect%20width%3D%271500%27%20height%3D%27997%27%20fill-opacity%3D%220%22%2F%3E%3C%2Fsvg%3E\"><div class=\"fusion-clearfix\"><\/div><\/div><\/div><div class=\"fusion-layout-column fusion_builder_column fusion-builder-column-5 fusion_builder_column_1_2 1_2 fusion-one-half fusion-column-last paddi_sin\" style=\"--awb-bg-size:cover;--awb-margin-bottom:0px;width:50%;width:calc(50% - ( ( 0% ) * 0.5 ) );\"><div class=\"fusion-column-wrapper fusion-flex-column-wrapper-legacy\"><div class=\"fusion-text fusion-text-5\"><h2 class=\"tit_block rosso\">DIE INSEL DER QUALIT\u00c4T UND DES LEBENS<\/h2>\n<\/div><div class=\"fusion-sep-clear\"><\/div><div class=\"fusion-separator fusion-full-width-sep sep_verde\" style=\"margin-left: auto;margin-right: auto;width:100%;\"><\/div><div class=\"fusion-sep-clear\"><\/div><div class=\"fusion-text fusion-text-6\"><p class=\"testo_block\">Sardinien entdecken bedeutet, ein antikes Land mit seinen Einwohnern entdecken, die es verstehen, Werte zu erhalten und \u00fcber die Zeit weiterzuvermitteln.<\/p>\n<\/div><div class=\"fusion-clearfix\"><\/div><\/div><\/div><\/div><\/div><\/p>\n","protected":false},"excerpt":{"rendered":"","protected":false},"author":3,"featured_media":0,"parent":0,"menu_order":0,"comment_status":"closed","ping_status":"closed","template":"100-width.php","meta":{"footnotes":""},"class_list":["post-674","page","type-page","status-publish","hentry"],"yoast_head":"<!-- This site is optimized with the Yoast SEO plugin v27.4 - https:\/\/yoast.com\/product\/yoast-seo-wordpress\/ -->\n<title>Sardinien - Salumificio Murru<\/title>\n<meta name=\"robots\" content=\"noindex, nofollow\" \/>\n<meta property=\"og:locale\" content=\"de_DE\" \/>\n<meta property=\"og:type\" content=\"article\" \/>\n<meta property=\"og:title\" content=\"Sardinien - Salumificio Murru\" \/>\n<meta property=\"og:url\" content=\"https:\/\/www.salumimurru.com\/de\/sardinien\/\" \/>\n<meta property=\"og:site_name\" content=\"Salumificio Murru\" \/>\n<meta property=\"article:modified_time\" content=\"2024-06-19T16:28:11+00:00\" \/>\n<meta name=\"twitter:card\" content=\"summary_large_image\" \/>\n<meta name=\"twitter:label1\" content=\"Gesch\u00e4tzte Lesezeit\" \/>\n\t<meta name=\"twitter:data1\" content=\"4\u00a0Minuten\" \/>\n<script type=\"application\/ld+json\" class=\"yoast-schema-graph\">{\"@context\":\"https:\\\/\\\/schema.org\",\"@graph\":[{\"@type\":\"WebPage\",\"@id\":\"https:\\\/\\\/www.salumimurru.com\\\/de\\\/sardinien\\\/\",\"url\":\"https:\\\/\\\/www.salumimurru.com\\\/de\\\/sardinien\\\/\",\"name\":\"Sardinien - Salumificio Murru\",\"isPartOf\":{\"@id\":\"https:\\\/\\\/www.salumimurru.com\\\/#website\"},\"datePublished\":\"2017-08-30T10:33:49+00:00\",\"dateModified\":\"2024-06-19T16:28:11+00:00\",\"breadcrumb\":{\"@id\":\"https:\\\/\\\/www.salumimurru.com\\\/de\\\/sardinien\\\/#breadcrumb\"},\"inLanguage\":\"de\",\"potentialAction\":[{\"@type\":\"ReadAction\",\"target\":[\"https:\\\/\\\/www.salumimurru.com\\\/de\\\/sardinien\\\/\"]}]},{\"@type\":\"BreadcrumbList\",\"@id\":\"https:\\\/\\\/www.salumimurru.com\\\/de\\\/sardinien\\\/#breadcrumb\",\"itemListElement\":[{\"@type\":\"ListItem\",\"position\":1,\"name\":\"Home\",\"item\":\"https:\\\/\\\/www.salumimurru.com\\\/de\\\/\"},{\"@type\":\"ListItem\",\"position\":2,\"name\":\"Sardinien\"}]},{\"@type\":\"WebSite\",\"@id\":\"https:\\\/\\\/www.salumimurru.com\\\/#website\",\"url\":\"https:\\\/\\\/www.salumimurru.com\\\/\",\"name\":\"Salumificio Murru\",\"description\":\"\",\"potentialAction\":[{\"@type\":\"SearchAction\",\"target\":{\"@type\":\"EntryPoint\",\"urlTemplate\":\"https:\\\/\\\/www.salumimurru.com\\\/?s={search_term_string}\"},\"query-input\":{\"@type\":\"PropertyValueSpecification\",\"valueRequired\":true,\"valueName\":\"search_term_string\"}}],\"inLanguage\":\"de\"}]}<\/script>\n<!-- \/ Yoast SEO plugin. -->","yoast_head_json":{"title":"Sardinien - Salumificio Murru","robots":{"index":"noindex","follow":"nofollow"},"og_locale":"de_DE","og_type":"article","og_title":"Sardinien - Salumificio Murru","og_url":"https:\/\/www.salumimurru.com\/de\/sardinien\/","og_site_name":"Salumificio Murru","article_modified_time":"2024-06-19T16:28:11+00:00","twitter_card":"summary_large_image","twitter_misc":{"Gesch\u00e4tzte Lesezeit":"4\u00a0Minuten"},"schema":{"@context":"https:\/\/schema.org","@graph":[{"@type":"WebPage","@id":"https:\/\/www.salumimurru.com\/de\/sardinien\/","url":"https:\/\/www.salumimurru.com\/de\/sardinien\/","name":"Sardinien - Salumificio Murru","isPartOf":{"@id":"https:\/\/www.salumimurru.com\/#website"},"datePublished":"2017-08-30T10:33:49+00:00","dateModified":"2024-06-19T16:28:11+00:00","breadcrumb":{"@id":"https:\/\/www.salumimurru.com\/de\/sardinien\/#breadcrumb"},"inLanguage":"de","potentialAction":[{"@type":"ReadAction","target":["https:\/\/www.salumimurru.com\/de\/sardinien\/"]}]},{"@type":"BreadcrumbList","@id":"https:\/\/www.salumimurru.com\/de\/sardinien\/#breadcrumb","itemListElement":[{"@type":"ListItem","position":1,"name":"Home","item":"https:\/\/www.salumimurru.com\/de\/"},{"@type":"ListItem","position":2,"name":"Sardinien"}]},{"@type":"WebSite","@id":"https:\/\/www.salumimurru.com\/#website","url":"https:\/\/www.salumimurru.com\/","name":"Salumificio Murru","description":"","potentialAction":[{"@type":"SearchAction","target":{"@type":"EntryPoint","urlTemplate":"https:\/\/www.salumimurru.com\/?s={search_term_string}"},"query-input":{"@type":"PropertyValueSpecification","valueRequired":true,"valueName":"search_term_string"}}],"inLanguage":"de"}]}},"_links":{"self":[{"href":"https:\/\/www.salumimurru.com\/de\/wp-json\/wp\/v2\/pages\/674","targetHints":{"allow":["GET"]}}],"collection":[{"href":"https:\/\/www.salumimurru.com\/de\/wp-json\/wp\/v2\/pages"}],"about":[{"href":"https:\/\/www.salumimurru.com\/de\/wp-json\/wp\/v2\/types\/page"}],"author":[{"embeddable":true,"href":"https:\/\/www.salumimurru.com\/de\/wp-json\/wp\/v2\/users\/3"}],"replies":[{"embeddable":true,"href":"https:\/\/www.salumimurru.com\/de\/wp-json\/wp\/v2\/comments?post=674"}],"version-history":[{"count":3,"href":"https:\/\/www.salumimurru.com\/de\/wp-json\/wp\/v2\/pages\/674\/revisions"}],"predecessor-version":[{"id":727,"href":"https:\/\/www.salumimurru.com\/de\/wp-json\/wp\/v2\/pages\/674\/revisions\/727"}],"wp:attachment":[{"href":"https:\/\/www.salumimurru.com\/de\/wp-json\/wp\/v2\/media?parent=674"}],"curies":[{"name":"wp","href":"https:\/\/api.w.org\/{rel}","templated":true}]}}